{"id":40,"date":"2018-03-17T17:37:50","date_gmt":"2018-03-17T16:37:50","guid":{"rendered":"http:\/\/dalba.eu\/en\/?page_id=40"},"modified":"2018-03-20T17:56:55","modified_gmt":"2018-03-20T16:56:55","slug":"gallery","status":"publish","type":"page","link":"http:\/\/dalba.eu\/en\/gallery\/","title":{"rendered":"Gallery"},"content":{"rendered":"\n\t\t<div class=\"col-sm-4 col-md-4\">\r\n            <div class=\"ta-galeria\">\r\n                <div class=\"ta-galeria-inner\"><div class='ta-galeria-inner-img'>\r\n\t\t\t\t\t\t<div class='img-responsive'>\r\n\t\t\t\t\t\t\t<a title=\"DK8 Warszawa_Bia\u0142ystok zalewanie p\u0142yty zbrojonej pod rur\u0119 GRP DN2200\"  href='http:\/\/dalba.eu\/en\/wp-content\/uploads\/sites\/2\/2018\/03\/DK8-Warszawa_Bia\u0142ystok-zalewanie-p\u0142yty-zbrojonej-pod-rur\u0119-GRP-DN2200.jpg' title=\"\" data-rl_title=\"\" class=\"rl-gallery-link\" data-rl_caption=\"\" data-rel=\"lightbox-gallery-1\"><img width=\"225\" height=\"300\" src=\"http:\/\/dalba.eu\/en\/wp-content\/uploads\/sites\/2\/2018\/03\/DK8-Warszawa_Bia\u0142ystok-zalewanie-p\u0142yty-zbrojonej-pod-rur\u0119-GRP-DN2200-225x300.jpg\" class=\"attachment-medium size-medium\" alt=\"\" decoding=\"async\" loading=\"lazy\" srcset=\"http:\/\/dalba.eu\/en\/wp-content\/uploads\/sites\/2\/2018\/03\/DK8-Warszawa_Bia\u0142ystok-zalewanie-p\u0142yty-zbrojonej-pod-rur\u0119-GRP-DN2200-225x300.jpg 225w, http:\/\/dalba.eu\/en\/wp-content\/uploads\/sites\/2\/2018\/03\/DK8-Warszawa_Bia\u0142ystok-zalewanie-p\u0142yty-zbrojonej-pod-rur\u0119-GRP-DN2200-768x1024.jpg 768w, http:\/\/dalba.eu\/en\/wp-content\/uploads\/sites\/2\/2018\/03\/DK8-Warszawa_Bia\u0142ystok-zalewanie-p\u0142yty-zbrojonej-pod-rur\u0119-GRP-DN2200.jpg 1092w\" sizes=\"(max-width: 225px) 100vw, 225px\" \/><\/a>\r\n\t\t\t\t\t\t<\/div>\r\n\t\t\t\t\t<\/div><\/div><\/div><\/div><div class=\"col-sm-4 col-md-4\">\r\n            <div class=\"ta-galeria\">\r\n                <div class=\"ta-galeria-inner\"><div class='ta-galeria-inner-img'>\r\n\t\t\t\t\t\t<div class='img-responsive'>\r\n\t\t\t\t\t\t\t<a title=\"DK8 Warszawa_Bia\u0142ystok monta\u017c rury GRP DN2200\"  href='http:\/\/dalba.eu\/en\/wp-content\/uploads\/sites\/2\/2018\/03\/DK8-Warszawa_Bia\u0142ystok-monta\u017c-rury-GRP-DN2200.jpg' title=\"\" data-rl_title=\"\" class=\"rl-gallery-link\" data-rl_caption=\"\" data-rel=\"lightbox-gallery-1\"><img width=\"225\" height=\"300\" src=\"http:\/\/dalba.eu\/en\/wp-content\/uploads\/sites\/2\/2018\/03\/DK8-Warszawa_Bia\u0142ystok-monta\u017c-rury-GRP-DN2200-225x300.jpg\" class=\"attachment-medium size-medium\" alt=\"\" decoding=\"async\" loading=\"lazy\" srcset=\"http:\/\/dalba.eu\/en\/wp-content\/uploads\/sites\/2\/2018\/03\/DK8-Warszawa_Bia\u0142ystok-monta\u017c-rury-GRP-DN2200-225x300.jpg 225w, http:\/\/dalba.eu\/en\/wp-content\/uploads\/sites\/2\/2018\/03\/DK8-Warszawa_Bia\u0142ystok-monta\u017c-rury-GRP-DN2200-768x1024.jpg 768w, http:\/\/dalba.eu\/en\/wp-content\/uploads\/sites\/2\/2018\/03\/DK8-Warszawa_Bia\u0142ystok-monta\u017c-rury-GRP-DN2200.jpg 1166w\" sizes=\"(max-width: 225px) 100vw, 225px\" \/><\/a>\r\n\t\t\t\t\t\t<\/div>\r\n\t\t\t\t\t<\/div><\/div><\/div><\/div><div class=\"col-sm-4 col-md-4\">\r\n            <div class=\"ta-galeria\">\r\n                <div class=\"ta-galeria-inner\"><div class='ta-galeria-inner-img'>\r\n\t\t\t\t\t\t<div class='img-responsive'>\r\n\t\t\t\t\t\t\t<a title=\"DK8 Warszawa _ Bia\u0142ystok monta\u017c rury GRP DN1800\"  href='http:\/\/dalba.eu\/en\/wp-content\/uploads\/sites\/2\/2018\/03\/DK8-Warszawa-_-Bia\u0142ystok-monta\u017c-rury-GRP-DN1800.jpg' title=\"\" data-rl_title=\"\" class=\"rl-gallery-link\" data-rl_caption=\"\" data-rel=\"lightbox-gallery-1\"><img width=\"225\" height=\"300\" src=\"http:\/\/dalba.eu\/en\/wp-content\/uploads\/sites\/2\/2018\/03\/DK8-Warszawa-_-Bia\u0142ystok-monta\u017c-rury-GRP-DN1800-225x300.jpg\" class=\"attachment-medium size-medium\" alt=\"\" decoding=\"async\" loading=\"lazy\" srcset=\"http:\/\/dalba.eu\/en\/wp-content\/uploads\/sites\/2\/2018\/03\/DK8-Warszawa-_-Bia\u0142ystok-monta\u017c-rury-GRP-DN1800-225x300.jpg 225w, http:\/\/dalba.eu\/en\/wp-content\/uploads\/sites\/2\/2018\/03\/DK8-Warszawa-_-Bia\u0142ystok-monta\u017c-rury-GRP-DN1800-768x1024.jpg 768w, http:\/\/dalba.eu\/en\/wp-content\/uploads\/sites\/2\/2018\/03\/DK8-Warszawa-_-Bia\u0142ystok-monta\u017c-rury-GRP-DN1800.jpg 1248w\" sizes=\"(max-width: 225px) 100vw, 225px\" \/><\/a>\r\n\t\t\t\t\t\t<\/div>\r\n\t\t\t\t\t<\/div><\/div><\/div><\/div><div class='clearfix'><\/div><div class=\"col-sm-4 col-md-4\">\r\n            <div class=\"ta-galeria\">\r\n                <div class=\"ta-galeria-inner\"><div class='ta-galeria-inner-img'>\r\n\t\t\t\t\t\t<div class='img-responsive'>\r\n\t\t\t\t\t\t\t<a title=\"Wylot O\u015a Bia\u0142ystok   monta\u017c umocnie\u0144 brzegowych   koszy gabionowych\"  href='http:\/\/dalba.eu\/en\/wp-content\/uploads\/sites\/2\/2018\/03\/Wylot-O\u015a-Bia\u0142ystok-monta\u017c-umocnie\u0144-brzegowych-koszy-gabionowych.jpg' title=\"\" data-rl_title=\"\" class=\"rl-gallery-link\" data-rl_caption=\"\" data-rel=\"lightbox-gallery-1\"><img width=\"300\" height=\"225\" src=\"http:\/\/dalba.eu\/en\/wp-content\/uploads\/sites\/2\/2018\/03\/Wylot-O\u015a-Bia\u0142ystok-monta\u017c-umocnie\u0144-brzegowych-koszy-gabionowych-300x225.jpg\" class=\"attachment-medium size-medium\" alt=\"\" decoding=\"async\" loading=\"lazy\" srcset=\"http:\/\/dalba.eu\/en\/wp-content\/uploads\/sites\/2\/2018\/03\/Wylot-O\u015a-Bia\u0142ystok-monta\u017c-umocnie\u0144-brzegowych-koszy-gabionowych-300x225.jpg 300w, http:\/\/dalba.eu\/en\/wp-content\/uploads\/sites\/2\/2018\/03\/Wylot-O\u015a-Bia\u0142ystok-monta\u017c-umocnie\u0144-brzegowych-koszy-gabionowych-768x576.jpg 768w, http:\/\/dalba.eu\/en\/wp-content\/uploads\/sites\/2\/2018\/03\/Wylot-O\u015a-Bia\u0142ystok-monta\u017c-umocnie\u0144-brzegowych-koszy-gabionowych-1024x768.jpg 1024w, http:\/\/dalba.eu\/en\/wp-content\/uploads\/sites\/2\/2018\/03\/Wylot-O\u015a-Bia\u0142ystok-monta\u017c-umocnie\u0144-brzegowych-koszy-gabionowych.jpg 1363w\" sizes=\"(max-width: 300px) 100vw, 300px\" \/><\/a>\r\n\t\t\t\t\t\t<\/div>\r\n\t\t\t\t\t<\/div><\/div><\/div><\/div><div class=\"col-sm-4 col-md-4\">\r\n            <div class=\"ta-galeria\">\r\n                <div class=\"ta-galeria-inner\"><div class='ta-galeria-inner-img'>\r\n\t\t\t\t\t\t<div class='img-responsive'>\r\n\t\t\t\t\t\t\t<a title=\"Wylot O\u015a Bia\u0142ystok   przygotowanie terenu pod monta\u017c umocnie\u0144 brzegowych\"  href='http:\/\/dalba.eu\/en\/wp-content\/uploads\/sites\/2\/2018\/03\/Wylot-O\u015a-Bia\u0142ystok-przygotowanie-terenu-pod-monta\u017c-umocnie\u0144-brzegowych.jpg' title=\"\" data-rl_title=\"\" class=\"rl-gallery-link\" data-rl_caption=\"\" data-rel=\"lightbox-gallery-1\"><img width=\"300\" height=\"225\" src=\"http:\/\/dalba.eu\/en\/wp-content\/uploads\/sites\/2\/2018\/03\/Wylot-O\u015a-Bia\u0142ystok-przygotowanie-terenu-pod-monta\u017c-umocnie\u0144-brzegowych-300x225.jpg\" class=\"attachment-medium size-medium\" alt=\"\" decoding=\"async\" loading=\"lazy\" srcset=\"http:\/\/dalba.eu\/en\/wp-content\/uploads\/sites\/2\/2018\/03\/Wylot-O\u015a-Bia\u0142ystok-przygotowanie-terenu-pod-monta\u017c-umocnie\u0144-brzegowych-300x225.jpg 300w, http:\/\/dalba.eu\/en\/wp-content\/uploads\/sites\/2\/2018\/03\/Wylot-O\u015a-Bia\u0142ystok-przygotowanie-terenu-pod-monta\u017c-umocnie\u0144-brzegowych-768x576.jpg 768w, http:\/\/dalba.eu\/en\/wp-content\/uploads\/sites\/2\/2018\/03\/Wylot-O\u015a-Bia\u0142ystok-przygotowanie-terenu-pod-monta\u017c-umocnie\u0144-brzegowych-1024x768.jpg 1024w, http:\/\/dalba.eu\/en\/wp-content\/uploads\/sites\/2\/2018\/03\/Wylot-O\u015a-Bia\u0142ystok-przygotowanie-terenu-pod-monta\u017c-umocnie\u0144-brzegowych.jpg 1363w\" sizes=\"(max-width: 300px) 100vw, 300px\" \/><\/a>\r\n\t\t\t\t\t\t<\/div>\r\n\t\t\t\t\t<\/div><\/div><\/div><\/div><div class=\"col-sm-4 col-md-4\">\r\n            <div class=\"ta-galeria\">\r\n                <div class=\"ta-galeria-inner\"><div class='ta-galeria-inner-img'>\r\n\t\t\t\t\t\t<div class='img-responsive'>\r\n\t\t\t\t\t\t\t<a title=\"Wylot O\u015a Bia\u0142ystok   wyloty DN 1400\"  href='http:\/\/dalba.eu\/en\/wp-content\/uploads\/sites\/2\/2018\/03\/Wylot-O\u015a-Bia\u0142ystok-wyloty-DN-1400.jpg' title=\"\" data-rl_title=\"\" class=\"rl-gallery-link\" data-rl_caption=\"\" data-rel=\"lightbox-gallery-1\"><img width=\"300\" height=\"225\" src=\"http:\/\/dalba.eu\/en\/wp-content\/uploads\/sites\/2\/2018\/03\/Wylot-O\u015a-Bia\u0142ystok-wyloty-DN-1400-300x225.jpg\" class=\"attachment-medium size-medium\" alt=\"\" decoding=\"async\" loading=\"lazy\" srcset=\"http:\/\/dalba.eu\/en\/wp-content\/uploads\/sites\/2\/2018\/03\/Wylot-O\u015a-Bia\u0142ystok-wyloty-DN-1400-300x225.jpg 300w, http:\/\/dalba.eu\/en\/wp-content\/uploads\/sites\/2\/2018\/03\/Wylot-O\u015a-Bia\u0142ystok-wyloty-DN-1400-768x576.jpg 768w, http:\/\/dalba.eu\/en\/wp-content\/uploads\/sites\/2\/2018\/03\/Wylot-O\u015a-Bia\u0142ystok-wyloty-DN-1400-1024x768.jpg 1024w, http:\/\/dalba.eu\/en\/wp-content\/uploads\/sites\/2\/2018\/03\/Wylot-O\u015a-Bia\u0142ystok-wyloty-DN-1400.jpg 1136w\" sizes=\"(max-width: 300px) 100vw, 300px\" \/><\/a>\r\n\t\t\t\t\t\t<\/div>\r\n\t\t\t\t\t<\/div><\/div><\/div><\/div><div class='clearfix'><\/div><div class=\"col-sm-4 col-md-4\">\r\n            <div class=\"ta-galeria\">\r\n                <div class=\"ta-galeria-inner\"><div class='ta-galeria-inner-img'>\r\n\t\t\t\t\t\t<div class='img-responsive'>\r\n\t\t\t\t\t\t\t<a title=\"Wylot O\u015a Bia\u0142ystok   monta\u017c kolektora DN1400\"  href='http:\/\/dalba.eu\/en\/wp-content\/uploads\/sites\/2\/2018\/03\/Wylot-O\u015a-Bia\u0142ystok-monta\u017c-kolektora-DN1400.jpg' title=\"\" data-rl_title=\"\" class=\"rl-gallery-link\" data-rl_caption=\"\" data-rel=\"lightbox-gallery-1\"><img width=\"300\" height=\"225\" src=\"http:\/\/dalba.eu\/en\/wp-content\/uploads\/sites\/2\/2018\/03\/Wylot-O\u015a-Bia\u0142ystok-monta\u017c-kolektora-DN1400-300x225.jpg\" class=\"attachment-medium size-medium\" alt=\"\" decoding=\"async\" loading=\"lazy\" srcset=\"http:\/\/dalba.eu\/en\/wp-content\/uploads\/sites\/2\/2018\/03\/Wylot-O\u015a-Bia\u0142ystok-monta\u017c-kolektora-DN1400-300x225.jpg 300w, http:\/\/dalba.eu\/en\/wp-content\/uploads\/sites\/2\/2018\/03\/Wylot-O\u015a-Bia\u0142ystok-monta\u017c-kolektora-DN1400-768x576.jpg 768w, http:\/\/dalba.eu\/en\/wp-content\/uploads\/sites\/2\/2018\/03\/Wylot-O\u015a-Bia\u0142ystok-monta\u017c-kolektora-DN1400-1024x768.jpg 1024w, http:\/\/dalba.eu\/en\/wp-content\/uploads\/sites\/2\/2018\/03\/Wylot-O\u015a-Bia\u0142ystok-monta\u017c-kolektora-DN1400.jpg 1363w\" sizes=\"(max-width: 300px) 100vw, 300px\" \/><\/a>\r\n\t\t\t\t\t\t<\/div>\r\n\t\t\t\t\t<\/div><\/div><\/div><\/div><div class=\"col-sm-4 col-md-4\">\r\n            <div class=\"ta-galeria\">\r\n                <div class=\"ta-galeria-inner\"><div class='ta-galeria-inner-img'>\r\n\t\t\t\t\t\t<div class='img-responsive'>\r\n\t\t\t\t\t\t\t<a title=\"Wylot O\u015a Bia\u0142ystok koniec inwestycji\"  href='http:\/\/dalba.eu\/en\/wp-content\/uploads\/sites\/2\/2018\/03\/Wylot-O\u015a-Bia\u0142ystok-koniec-inwestycji.jpg' title=\"\" data-rl_title=\"\" class=\"rl-gallery-link\" data-rl_caption=\"\" data-rel=\"lightbox-gallery-1\"><img width=\"300\" height=\"225\" src=\"http:\/\/dalba.eu\/en\/wp-content\/uploads\/sites\/2\/2018\/03\/Wylot-O\u015a-Bia\u0142ystok-koniec-inwestycji-300x225.jpg\" class=\"attachment-medium size-medium\" alt=\"\" decoding=\"async\" loading=\"lazy\" srcset=\"http:\/\/dalba.eu\/en\/wp-content\/uploads\/sites\/2\/2018\/03\/Wylot-O\u015a-Bia\u0142ystok-koniec-inwestycji-300x225.jpg 300w, http:\/\/dalba.eu\/en\/wp-content\/uploads\/sites\/2\/2018\/03\/Wylot-O\u015a-Bia\u0142ystok-koniec-inwestycji-768x576.jpg 768w, http:\/\/dalba.eu\/en\/wp-content\/uploads\/sites\/2\/2018\/03\/Wylot-O\u015a-Bia\u0142ystok-koniec-inwestycji-1024x768.jpg 1024w, http:\/\/dalba.eu\/en\/wp-content\/uploads\/sites\/2\/2018\/03\/Wylot-O\u015a-Bia\u0142ystok-koniec-inwestycji.jpg 1363w\" sizes=\"(max-width: 300px) 100vw, 300px\" \/><\/a>\r\n\t\t\t\t\t\t<\/div>\r\n\t\t\t\t\t<\/div><\/div><\/div><\/div><div class=\"col-sm-4 col-md-4\">\r\n            <div class=\"ta-galeria\">\r\n                <div class=\"ta-galeria-inner\"><div class='ta-galeria-inner-img'>\r\n\t\t\t\t\t\t<div class='img-responsive'>\r\n\t\t\t\t\t\t\t<a title=\"Supra\u015bl wykop komory przewiertowej\"  href='http:\/\/dalba.eu\/en\/wp-content\/uploads\/sites\/2\/2018\/03\/Supra\u015bl-wykop-komory-przewiertowej.jpg' title=\"\" data-rl_title=\"\" class=\"rl-gallery-link\" data-rl_caption=\"\" data-rel=\"lightbox-gallery-1\"><img width=\"225\" height=\"300\" src=\"http:\/\/dalba.eu\/en\/wp-content\/uploads\/sites\/2\/2018\/03\/Supra\u015bl-wykop-komory-przewiertowej-225x300.jpg\" class=\"attachment-medium size-medium\" alt=\"\" decoding=\"async\" loading=\"lazy\" srcset=\"http:\/\/dalba.eu\/en\/wp-content\/uploads\/sites\/2\/2018\/03\/Supra\u015bl-wykop-komory-przewiertowej-225x300.jpg 225w, http:\/\/dalba.eu\/en\/wp-content\/uploads\/sites\/2\/2018\/03\/Supra\u015bl-wykop-komory-przewiertowej-768x1024.jpg 768w, http:\/\/dalba.eu\/en\/wp-content\/uploads\/sites\/2\/2018\/03\/Supra\u015bl-wykop-komory-przewiertowej.jpg 1022w\" sizes=\"(max-width: 225px) 100vw, 225px\" \/><\/a>\r\n\t\t\t\t\t\t<\/div>\r\n\t\t\t\t\t<\/div><\/div><\/div><\/div><div class='clearfix'><\/div><div class=\"col-sm-4 col-md-4\">\r\n            <div class=\"ta-galeria\">\r\n                <div class=\"ta-galeria-inner\"><div class='ta-galeria-inner-img'>\r\n\t\t\t\t\t\t<div class='img-responsive'>\r\n\t\t\t\t\t\t\t<a title=\"Supra\u015bl wykop komory przewiertowej\"  href='http:\/\/dalba.eu\/en\/wp-content\/uploads\/sites\/2\/2018\/03\/Supra\u015bl-wykop-komory-przewiertowej-1.jpg' title=\"\" data-rl_title=\"\" class=\"rl-gallery-link\" data-rl_caption=\"\" data-rel=\"lightbox-gallery-1\"><img width=\"300\" height=\"225\" src=\"http:\/\/dalba.eu\/en\/wp-content\/uploads\/sites\/2\/2018\/03\/Supra\u015bl-wykop-komory-przewiertowej-1-300x225.jpg\" class=\"attachment-medium size-medium\" alt=\"\" decoding=\"async\" loading=\"lazy\" srcset=\"http:\/\/dalba.eu\/en\/wp-content\/uploads\/sites\/2\/2018\/03\/Supra\u015bl-wykop-komory-przewiertowej-1-300x225.jpg 300w, http:\/\/dalba.eu\/en\/wp-content\/uploads\/sites\/2\/2018\/03\/Supra\u015bl-wykop-komory-przewiertowej-1-768x576.jpg 768w, http:\/\/dalba.eu\/en\/wp-content\/uploads\/sites\/2\/2018\/03\/Supra\u015bl-wykop-komory-przewiertowej-1-1024x768.jpg 1024w, http:\/\/dalba.eu\/en\/wp-content\/uploads\/sites\/2\/2018\/03\/Supra\u015bl-wykop-komory-przewiertowej-1.jpg 1296w\" sizes=\"(max-width: 300px) 100vw, 300px\" \/><\/a>\r\n\t\t\t\t\t\t<\/div>\r\n\t\t\t\t\t<\/div><\/div><\/div><\/div><div class=\"col-sm-4 col-md-4\">\r\n            <div class=\"ta-galeria\">\r\n                <div class=\"ta-galeria-inner\"><div class='ta-galeria-inner-img'>\r\n\t\t\t\t\t\t<div class='img-responsive'>\r\n\t\t\t\t\t\t\t<a title=\"Supra\u015bl zabicie grodzic komory przewiertowej   widok do\u0142u\"  href='http:\/\/dalba.eu\/en\/wp-content\/uploads\/sites\/2\/2018\/03\/Supra\u015bl-zabicie-grodzic-komory-przewiertowej-widok-do\u0142u.jpg' title=\"\" data-rl_title=\"\" class=\"rl-gallery-link\" data-rl_caption=\"\" data-rel=\"lightbox-gallery-1\"><img width=\"225\" height=\"300\" src=\"http:\/\/dalba.eu\/en\/wp-content\/uploads\/sites\/2\/2018\/03\/Supra\u015bl-zabicie-grodzic-komory-przewiertowej-widok-do\u0142u-225x300.jpg\" class=\"attachment-medium size-medium\" alt=\"\" decoding=\"async\" loading=\"lazy\" srcset=\"http:\/\/dalba.eu\/en\/wp-content\/uploads\/sites\/2\/2018\/03\/Supra\u015bl-zabicie-grodzic-komory-przewiertowej-widok-do\u0142u-225x300.jpg 225w, http:\/\/dalba.eu\/en\/wp-content\/uploads\/sites\/2\/2018\/03\/Supra\u015bl-zabicie-grodzic-komory-przewiertowej-widok-do\u0142u-768x1024.jpg 768w, http:\/\/dalba.eu\/en\/wp-content\/uploads\/sites\/2\/2018\/03\/Supra\u015bl-zabicie-grodzic-komory-przewiertowej-widok-do\u0142u.jpg 1022w\" sizes=\"(max-width: 225px) 100vw, 225px\" \/><\/a>\r\n\t\t\t\t\t\t<\/div>\r\n\t\t\t\t\t<\/div><\/div><\/div><\/div><div class=\"col-sm-4 col-md-4\">\r\n            <div class=\"ta-galeria\">\r\n                <div class=\"ta-galeria-inner\"><div class='ta-galeria-inner-img'>\r\n\t\t\t\t\t\t<div class='img-responsive'>\r\n\t\t\t\t\t\t\t<a title=\"Supra\u015bl zabicie grodzic komory przewiertowej   widok g\u00f3ry\"  href='http:\/\/dalba.eu\/en\/wp-content\/uploads\/sites\/2\/2018\/03\/Supra\u015bl-zabicie-grodzic-komory-przewiertowej-widok-g\u00f3ry.jpg' title=\"\" data-rl_title=\"\" class=\"rl-gallery-link\" data-rl_caption=\"\" data-rel=\"lightbox-gallery-1\"><img width=\"300\" height=\"225\" src=\"http:\/\/dalba.eu\/en\/wp-content\/uploads\/sites\/2\/2018\/03\/Supra\u015bl-zabicie-grodzic-komory-przewiertowej-widok-g\u00f3ry-300x225.jpg\" class=\"attachment-medium size-medium\" alt=\"\" decoding=\"async\" loading=\"lazy\" srcset=\"http:\/\/dalba.eu\/en\/wp-content\/uploads\/sites\/2\/2018\/03\/Supra\u015bl-zabicie-grodzic-komory-przewiertowej-widok-g\u00f3ry-300x225.jpg 300w, http:\/\/dalba.eu\/en\/wp-content\/uploads\/sites\/2\/2018\/03\/Supra\u015bl-zabicie-grodzic-komory-przewiertowej-widok-g\u00f3ry-768x576.jpg 768w, http:\/\/dalba.eu\/en\/wp-content\/uploads\/sites\/2\/2018\/03\/Supra\u015bl-zabicie-grodzic-komory-przewiertowej-widok-g\u00f3ry-1024x768.jpg 1024w, http:\/\/dalba.eu\/en\/wp-content\/uploads\/sites\/2\/2018\/03\/Supra\u015bl-zabicie-grodzic-komory-przewiertowej-widok-g\u00f3ry.jpg 1363w\" sizes=\"(max-width: 300px) 100vw, 300px\" \/><\/a>\r\n\t\t\t\t\t\t<\/div>\r\n\t\t\t\t\t<\/div><\/div><\/div><\/div><div class='clearfix'><\/div><div class=\"col-sm-4 col-md-4\">\r\n            <div class=\"ta-galeria\">\r\n                <div class=\"ta-galeria-inner\"><div class='ta-galeria-inner-img'>\r\n\t\t\t\t\t\t<div class='img-responsive'>\r\n\t\t\t\t\t\t\t<a title=\"O\u015a Soko\u0142y _ prasa \u015blimakowa\"  href='http:\/\/dalba.eu\/en\/wp-content\/uploads\/sites\/2\/2018\/03\/O\u015a-Soko\u0142y-_-prasa-\u015blimakowa.jpg' title=\"\" data-rl_title=\"\" class=\"rl-gallery-link\" data-rl_caption=\"\" data-rel=\"lightbox-gallery-1\"><img width=\"300\" height=\"225\" src=\"http:\/\/dalba.eu\/en\/wp-content\/uploads\/sites\/2\/2018\/03\/O\u015a-Soko\u0142y-_-prasa-\u015blimakowa-300x225.jpg\" class=\"attachment-medium size-medium\" alt=\"\" decoding=\"async\" loading=\"lazy\" srcset=\"http:\/\/dalba.eu\/en\/wp-content\/uploads\/sites\/2\/2018\/03\/O\u015a-Soko\u0142y-_-prasa-\u015blimakowa-300x225.jpg 300w, http:\/\/dalba.eu\/en\/wp-content\/uploads\/sites\/2\/2018\/03\/O\u015a-Soko\u0142y-_-prasa-\u015blimakowa-768x576.jpg 768w, http:\/\/dalba.eu\/en\/wp-content\/uploads\/sites\/2\/2018\/03\/O\u015a-Soko\u0142y-_-prasa-\u015blimakowa-1024x768.jpg 1024w, http:\/\/dalba.eu\/en\/wp-content\/uploads\/sites\/2\/2018\/03\/O\u015a-Soko\u0142y-_-prasa-\u015blimakowa.jpg 1792w\" sizes=\"(max-width: 300px) 100vw, 300px\" \/><\/a>\r\n\t\t\t\t\t\t<\/div>\r\n\t\t\t\t\t<\/div><\/div><\/div><\/div><div class=\"col-sm-4 col-md-4\">\r\n            <div class=\"ta-galeria\">\r\n                <div class=\"ta-galeria-inner\"><div class='ta-galeria-inner-img'>\r\n\t\t\t\t\t\t<div class='img-responsive'>\r\n\t\t\t\t\t\t\t<a title=\"DK8 Bia\u0142ystok_Katrynka monta\u017c w\u0119z\u0142a wodoci\u0105gowego DN1000\"  href='http:\/\/dalba.eu\/en\/wp-content\/uploads\/sites\/2\/2018\/03\/DK8-Bia\u0142ystok_Katrynka-monta\u017c-w\u0119z\u0142a-wodoci\u0105gowego-DN1000.jpg' title=\"\" data-rl_title=\"\" class=\"rl-gallery-link\" data-rl_caption=\"\" data-rel=\"lightbox-gallery-1\"><img width=\"300\" height=\"225\" src=\"http:\/\/dalba.eu\/en\/wp-content\/uploads\/sites\/2\/2018\/03\/DK8-Bia\u0142ystok_Katrynka-monta\u017c-w\u0119z\u0142a-wodoci\u0105gowego-DN1000-300x225.jpg\" class=\"attachment-medium size-medium\" alt=\"\" decoding=\"async\" loading=\"lazy\" srcset=\"http:\/\/dalba.eu\/en\/wp-content\/uploads\/sites\/2\/2018\/03\/DK8-Bia\u0142ystok_Katrynka-monta\u017c-w\u0119z\u0142a-wodoci\u0105gowego-DN1000-300x225.jpg 300w, http:\/\/dalba.eu\/en\/wp-content\/uploads\/sites\/2\/2018\/03\/DK8-Bia\u0142ystok_Katrynka-monta\u017c-w\u0119z\u0142a-wodoci\u0105gowego-DN1000-768x576.jpg 768w, http:\/\/dalba.eu\/en\/wp-content\/uploads\/sites\/2\/2018\/03\/DK8-Bia\u0142ystok_Katrynka-monta\u017c-w\u0119z\u0142a-wodoci\u0105gowego-DN1000-1024x768.jpg 1024w, http:\/\/dalba.eu\/en\/wp-content\/uploads\/sites\/2\/2018\/03\/DK8-Bia\u0142ystok_Katrynka-monta\u017c-w\u0119z\u0142a-wodoci\u0105gowego-DN1000.jpg 1306w\" sizes=\"(max-width: 300px) 100vw, 300px\" \/><\/a>\r\n\t\t\t\t\t\t<\/div>\r\n\t\t\t\t\t<\/div><\/div><\/div><\/div><div class=\"col-sm-4 col-md-4\">\r\n            <div class=\"ta-galeria\">\r\n                <div class=\"ta-galeria-inner\"><div class='ta-galeria-inner-img'>\r\n\t\t\t\t\t\t<div class='img-responsive'>\r\n\t\t\t\t\t\t\t<a title=\"Bia\u0142ystok ul. Gen. St. Maczka monta\u017c zasuwy DN1000\"  href='http:\/\/dalba.eu\/en\/wp-content\/uploads\/sites\/2\/2018\/03\/Bia\u0142ystok-ul.-Gen.-St.-Maczka-monta\u017c-zasuwy-DN1000.jpg' title=\"\" data-rl_title=\"\" class=\"rl-gallery-link\" data-rl_caption=\"\" data-rel=\"lightbox-gallery-1\"><img width=\"300\" height=\"225\" src=\"http:\/\/dalba.eu\/en\/wp-content\/uploads\/sites\/2\/2018\/03\/Bia\u0142ystok-ul.-Gen.-St.-Maczka-monta\u017c-zasuwy-DN1000-300x225.jpg\" class=\"attachment-medium size-medium\" alt=\"\" decoding=\"async\" loading=\"lazy\" srcset=\"http:\/\/dalba.eu\/en\/wp-content\/uploads\/sites\/2\/2018\/03\/Bia\u0142ystok-ul.-Gen.-St.-Maczka-monta\u017c-zasuwy-DN1000-300x225.jpg 300w, http:\/\/dalba.eu\/en\/wp-content\/uploads\/sites\/2\/2018\/03\/Bia\u0142ystok-ul.-Gen.-St.-Maczka-monta\u017c-zasuwy-DN1000-768x576.jpg 768w, http:\/\/dalba.eu\/en\/wp-content\/uploads\/sites\/2\/2018\/03\/Bia\u0142ystok-ul.-Gen.-St.-Maczka-monta\u017c-zasuwy-DN1000-1024x768.jpg 1024w, http:\/\/dalba.eu\/en\/wp-content\/uploads\/sites\/2\/2018\/03\/Bia\u0142ystok-ul.-Gen.-St.-Maczka-monta\u017c-zasuwy-DN1000.jpg 1469w\" sizes=\"(max-width: 300px) 100vw, 300px\" \/><\/a>\r\n\t\t\t\t\t\t<\/div>\r\n\t\t\t\t\t<\/div><\/div><\/div><\/div><div class='clearfix'><\/div><div class='clearfix'><\/div>\n\n","protected":false},"excerpt":{"rendered":"","protected":false},"author":1,"featured_media":0,"parent":0,"menu_order":0,"comment_status":"closed","ping_status":"closed","template":"","meta":[],"_links":{"self":[{"href":"http:\/\/dalba.eu\/en\/wp-json\/wp\/v2\/pages\/40"}],"collection":[{"href":"http:\/\/dalba.eu\/en\/wp-json\/wp\/v2\/pages"}],"about":[{"href":"http:\/\/dalba.eu\/en\/wp-json\/wp\/v2\/types\/page"}],"author":[{"embeddable":true,"href":"http:\/\/dalba.eu\/en\/wp-json\/wp\/v2\/users\/1"}],"replies":[{"embeddable":true,"href":"http:\/\/dalba.eu\/en\/wp-json\/wp\/v2\/comments?post=40"}],"version-history":[{"count":3,"href":"http:\/\/dalba.eu\/en\/wp-json\/wp\/v2\/pages\/40\/revisions"}],"predecessor-version":[{"id":60,"href":"http:\/\/dalba.eu\/en\/wp-json\/wp\/v2\/pages\/40\/revisions\/60"}],"wp:attachment":[{"href":"http:\/\/dalba.eu\/en\/wp-json\/wp\/v2\/media?parent=40"}],"curies":[{"name":"wp","href":"https:\/\/api.w.org\/{rel}","templated":true}]}}