{"id":33,"date":"2018-03-17T17:31:13","date_gmt":"2018-03-17T16:31:13","guid":{"rendered":"http:\/\/dalba.eu\/en\/?page_id=33"},"modified":"2020-07-08T15:10:46","modified_gmt":"2020-07-08T13:10:46","slug":"accomplished-realizations","status":"publish","type":"page","link":"http:\/\/dalba.eu\/en\/accomplished-realizations\/","title":{"rendered":"Accomplished realizations"},"content":{"rendered":"<p>In Dalba, we\u2019ve achieved numerous constructional and economic successes . Our accomplished projects include:<\/p>\n<ul>\n<li>Reconstruction of the national road No. 65 along Cio\u0142kowskiego and Baranowicka streets in Bia\u0142ystok &#8211; including storm drain, sanitary sewer and water supply systems.<\/li>\n<li>Reconstruction of the of Mickiewicza and \u015awi\u0119toja\u0144ska streets and Mickiewicza-\u015awi\u0119toja\u0144ska crossroad<\/li>\n<li>Construction of the storm drain channel with connections to the sewer line on the Mickiewicza street (on the section from Kili\u0144skiego street), including storm drain, sanitary sewer and water supply systems with connections.<\/li>\n<li>Construction of a shopping and service centre Bia\u0142a in Bia\u0142ystok \u2013 including strom drain, sanitary sewer, water supply and permanent drainage systems<\/li>\n<li>Modernization of the biological module of sewage treatment plant in Bia\u0142ystok<\/li>\n<li>Construction of sanitary sewer system and water supply conduit with connections on the Kopernika street in Bia\u0142ystok<\/li>\n<li>Improvement of the quality of public transport system in Bia\u0142ystok &#8211; Modernization of Produkcyjna street (on the section from Swobodna to Genera\u0142a Stanis\u0142awa Maczka street) \u2013 storm drains, rain gullies and connections.<\/li>\n<li>Construction of a sanitary sewer system of Ostro\u0142\u0119ka\u2019s right bank and Olszewo-Borki municipality<\/li>\n<li>Construction of a sanitary sewer system of Ostro\u0142\u0119ka\u2019s left bank in the \u015ar\u00f3dmie\u015bcie and Wojciechowice area<\/li>\n<li>Construction of Cementowa, Ekologiczna, \u0141odzi\u0144skiego and \u015awi\u0119tej Kingi streets in Bia\u0142ystok<\/li>\n<li>Reconstruction of Cio\u0142kowskiego and Mickiewicza streets \u2013 on the section from Cio\u0142kowskiego street to Bia\u0142ystok\u2019s border<\/li>\n<li>Reconstruction of the national road No. 8 on the Bia\u0142ystok &#8211; Katrynka section, including the construction and reconstruction of the necessary technical infrastructure<\/li>\n<li>Development of the subzone of Suwa\u0142ki Special Economic Zone in Bia\u0142ystok, including: construction of My\u015bliwska street on the section from KD-7L street to Borsucza street, construction of Solnicka street on the section from KD-7L street to Borsucza street and construction of KD-7L street with its necessary infrastructure<\/li>\n<li>Improvement of the wastewater management in \u0141yse municipality \u2013 upgrading a sewage treatment plant and constructing of a pressure sanitary sewer system with sewer connections in \u0141yse.<\/li>\n<li>Expansion of the national road No. 58 on the section between Szczuczyn and Warmian-Mazurian Voivodeship border, including its technical infrastructure<\/li>\n<li>Construction of Z-4 sanitary collector in Bia\u0142ystok<\/li>\n<li>Construction of a sanitary sewer leading to a To\u0142cze village<\/li>\n<li>Reconstruction of the national road No. 8 running through Bia\u0142ystok. Reconstruction took place on Maczka street (on the section between interchange with Produkcyjna street and junction with 1000 \u2013 lecia Pa\u0144stwa Polskiego street), Genera\u0142a Stanis\u0142awa Maczka street (on the section leading to the Fire State Service building) and on the 1000 \u2013 lecia Pa\u0144stwa Polskiego street (on the section leading to Bia\u0142ystok\u2019s border).<\/li>\n<li>Reconstruction of a water supply network with connections in the area of intersection of Poleska and Sitarska streets with the rail crossing No. 37 \u2013 Zubki Bia\u0142ostockie<\/li>\n<li>Construction of sanitary sewer and water supply networks with connections during the program of reconstructing Mazowiecka, Wiejska, Kawaleryjska, Pogodna, Kopernika, Wyszy\u0144skiego, Waszyngtona streets in Bia\u0142ystok.<\/li>\n<li>Construction and extension of a voivodeship road No. 671 including road engineering facilities on the Krypno \u2013 Tykocin section<\/li>\n<li>Upgrade of a sewage treatment plant in Ja\u015bwi\u0142y<\/li>\n<li>Construction of a sanitary sewer system in Janowicze<\/li>\n<li>Construction of a storm drain system on the Niska street<\/li>\n<li>Construction of a storm drain system and storm gullies connection on the Narodowych Si\u0142 Zbrojnych street (on the section between Genera\u0142a Kleberga and Komisji Edukacji Narodowej streets) in Bia\u0142ystok<\/li>\n<li>Drainage of a rainwater from the area of Military Draft Office building and its roof \u2013 at Lipowa 35 Street in Bia\u0142ystok<\/li>\n<li>Renovation and unclogging of drainage system in a service bulding at Malmeda 1 Street in Bia\u0142ystok<\/li>\n<li>Construction of a storm drain system on a poviat road No. 1393 in Jurowce<\/li>\n<li>Realization of a contract No. 8 from the \u201cExtension and modernization of the water supply and sewer system in Bia\u0142ystok and the Wasilk\u00f3w municipality\u201d Program.<\/li>\n<li>Construction of a water supply conduit on Kijowska street\u2019s extension (on the section between M\u0142ynowa and Legionowa streets) in Bia\u0142ystok.<\/li>\n<li>Construction of the section of a water supply conduit with connections on Legionowa street in Bia\u0142ystok.<\/li>\n<li>Construction of a storm drainage system on Genera\u0142a W\u0142adys\u0142awa Andersa street\u2019s extension (on the section between Wasilkowska and Baranowicka streets) in Bia\u0142ystok.<\/li>\n<li>Construction of a storm drain and water supply pipeline in a thermal-electric power plant in Bia\u0142ystok<\/li>\n<li>Construction of a water supply network and sanitary sewer system on the Warszawska street in Bia\u0142ystok<\/li>\n<li>Construction of a water supply network, including construction of main water duct and sections of water distribution ducts on Genera\u0142a W\u0142adys\u0142awa Andersa and 1 Armii Wojska Polskiego streets in Bia\u0142ystok, combined with disassembly of old water supply networks on the aforementioned streets.<\/li>\n<li>Construction of a storm drain on the Genera\u0142a W\u0142adys\u0142awa Andersa street (on the section between junction with 1000-lecia Pa\u0144stwa Polskiego street and a junction with Wasilkowska street) in Bia\u0142ystok.<\/li>\n<li>Construction of a DN600 main water duct and water distribution pipeline with connections on Genera\u0142a W\u0142adys\u0142awa Andersa street (on the section between Wasilkowska street and a junction with Piastowska street) in Bia\u0142ystok.<\/li>\n<li>Construction of sanitary sewer network, main water duct and reconstruction of a water distribution network in the area of Wiadukt street and the extension of S\u0142awi\u0144ski street in Bia\u0142ystok<\/li>\n<li>Construction of a sanitary sewer with gravity connections and network pumping stations with pressure pipelines in Poros\u0142y village<\/li>\n<li>Construction and reconstruction of a voivodeship road No. 676 \u2013 upgrade of the junction in Supra\u015bl<\/li>\n<li>Construction of a 05 KDL street (on the section between 01KD-GP and 06 KDL streets), and 06 KDL street (on the section between Piastowska and 05 KDL streets) in Bia\u0142ystok, including technical infrastructure.<\/li>\n<li>Construction of a gravity sanitary sewer and pressure duct with a sewage pumping station on Hetma\u0144ska street in Bia\u0142ystok<\/li>\n<li>Development of unified, functional and effective public road network in Gr\u00f3dek municipality by improving connections of municipal roads No. 105020B, 105036B, 105036B and poviat road No. 1448B with a national road No. 65.<\/li>\n<li>Reconstruction of a water supply network in Czajki<\/li>\n<li>Modernization of a municipal sewage treatment plant in Soko\u0142y.<\/li>\n<li>Renovation of a sewage treatment plant in Narew<\/li>\n<li>Reconstruction of a Le\u015bna street in Ku\u017anica<\/li>\n<li>Construction and reconstruction of a water supply, heat and sewage network and connections at the Bia\u0142ystok Waterwarks Company\u2019s property at M\u0142ynowa 52\/1 street.<\/li>\n<li>Construction of treated wastewater drainage channels leading to the Bia\u0142a river, within an existing drainage ditch of a sewage treatment plant at Produkcyjna 102 street in Bia\u0142ystok<\/li>\n<li>Construction of a storm drain between J.K. Korzeniowskiego and Pozioma streets, combined with construction of a discharge outlet leading to a nearby ditch.<\/li>\n<li>Construction of a sanitary sewer on the Sosnowa and Bajeczna streets in Za\u015bcianki as a part of &#8220;Development and modernization of the municipal water and sewage system &#8211; stage III&#8221;<\/li>\n<li>Construction of a sanitary duct with connections and connection chamber on Dziesi\u0119ciny and Genera\u0142a J\u00f3zefa Hallera streets in Bia\u0142ystok<\/li>\n<li>Construction of a water supply network and sanitary sewage network on the Owocowa and Mi\u0119towa streets in Bia\u0142ystok<\/li>\n<li>Construction of a Pieczurki street in Bia\u0142ystok<\/li>\n<li>Construction of a water supply network and sanitary sewage network on the Kolejowa street and its driveway in Bia\u0142ystok<\/li>\n<li>Construction of a sanitary duct, main water duct and water supply conduit with reconstruction of water connections combined with demolition works on Pla\u017cowa street in Bia\u0142ystok<\/li>\n<li>Reconstruction of Czysta street in Bia\u0142ystok<\/li>\n<li>Construction of a water supply network and sanitary sewer with connections on the Diamentowa street in Bia\u0142ystok<\/li>\n<li>Renovation of sanitary sewer with water supply and sewer connections and construction of water supply and sewer sections on Ko\u0142odziejska street in Bia\u0142ystok<\/li>\n<li>Realization of a \u201eUpgrading national road No.8 Warszawa \u2013 Bia\u0142ystok to the parameters of the expressway on the section between Wyszk\u00f3w and Podlaskie Voivodeship\u2019s border\u201d program. Section Ib &#8211; \u201cPor\u0119ba\u201d interchange, coordinates: 529+470,00 to 545+582,04 km. Length: 16,11 km<\/li>\n<li>Extension of Sitarska street in Bia\u0142ystok (on the section between junction with Koz\u0142owa street and junction with \u015awi\u0119tokrzyska street) including construction of a two-level intersection and railway tracks in the direction of Ku\u017anica<\/li>\n<li>Construction and reconstruction of Kodeksu Supraskiego, Rymark, Uroczysko and Pustelnia streets in Supra\u015bl, including their necessary technical infrastructure, as a part of \u201cIntegrated Project: improving access to investment areas by Kodeksu Supraskiego street in Supra\u015bl.<\/li>\n<li>Construction and upgrade of Voivodeship road No. 682 on the section between \u0141apy and Markowszczyzna<\/li>\n<li>Construction and upgrade of voivodeship road No. 685 with road engineering facilities and necessary technical infrastructure on the section between Zab\u0142ud\u00f3w and Nowosady, including construction of Trze\u015bcianka\u2019s and Narew\u2019s bypass<\/li>\n<\/ul>\n","protected":false},"excerpt":{"rendered":"<p>In Dalba, we\u2019ve achieved numerous constructional and economic successes . Our accomplished projects include: Reconstruction of the national road No. 65 along Cio\u0142kowskiego and Baranowicka streets in Bia\u0142ystok &#8211; including storm drain, sanitary sewer and water supply systems. Reconstruction of the of Mickiewicza and \u015awi\u0119toja\u0144ska streets and Mickiewicza-\u015awi\u0119toja\u0144ska crossroad Construction of the storm drain channel [&hellip;]<\/p>\n","protected":false},"author":1,"featured_media":0,"parent":0,"menu_order":0,"comment_status":"closed","ping_status":"closed","template":"","meta":[],"_links":{"self":[{"href":"http:\/\/dalba.eu\/en\/wp-json\/wp\/v2\/pages\/33"}],"collection":[{"href":"http:\/\/dalba.eu\/en\/wp-json\/wp\/v2\/pages"}],"about":[{"href":"http:\/\/dalba.eu\/en\/wp-json\/wp\/v2\/types\/page"}],"author":[{"embeddable":true,"href":"http:\/\/dalba.eu\/en\/wp-json\/wp\/v2\/users\/1"}],"replies":[{"embeddable":true,"href":"http:\/\/dalba.eu\/en\/wp-json\/wp\/v2\/comments?post=33"}],"version-history":[{"count":2,"href":"http:\/\/dalba.eu\/en\/wp-json\/wp\/v2\/pages\/33\/revisions"}],"predecessor-version":[{"id":67,"href":"http:\/\/dalba.eu\/en\/wp-json\/wp\/v2\/pages\/33\/revisions\/67"}],"wp:attachment":[{"href":"http:\/\/dalba.eu\/en\/wp-json\/wp\/v2\/media?parent=33"}],"curies":[{"name":"wp","href":"https:\/\/api.w.org\/{rel}","templated":true}]}}